{"id":5,"date":"2021-03-17T14:09:47","date_gmt":"2021-03-17T14:09:47","guid":{"rendered":"https:\/\/nowak.dk\/?page_id=5"},"modified":"2021-03-18T15:11:45","modified_gmt":"2021-03-18T15:11:45","slug":"forside","status":"publish","type":"page","link":"https:\/\/nowak.dk\/","title":{"rendered":"Forside"},"content":{"rendered":"\n<p>Familie nowaks hjemmeside<\/p>\n\n\n\n<p>Velkommen til vores websted<\/p>\n\n\n\n<p>Form\u00e5l med dette websted er for det f\u00f8rste lidt hobby. derudover vil siden best\u00e5 mest af privat indhold for vores familie og n\u00e6re venner.<\/p>\n\n\n\n<p>N\u00e5r man trykker p\u00e5 faneblad Adgang familie \u00f8verst oppe. Kommer man videre ind til login<\/p>\n\n\n\n<p>n\u00e5r i har logget p\u00e5. Vil i her kunne hente diverse dokumenter billeder og andet omhandlende vores sl\u00e6gt.<\/p>\n\n\n\n<p>Har i ros eller ris til siden s\u00e5 send evt. en mail til jim@nowak.dk<\/p>\n","protected":false},"excerpt":{"rendered":"<p>Familie nowaks hjemmeside Velkommen til vores websted Form\u00e5l med dette websted er for det f\u00f8rste lidt hobby. derudover vil siden best\u00e5 mest af privat indhold for vores familie og n\u00e6re venner. N\u00e5r man trykker p\u00e5 faneblad Adgang familie \u00f8verst oppe. Kommer man videre ind til login n\u00e5r i har logget p\u00e5. Vil i her kunne [&hellip;]<\/p>\n","protected":false},"author":1,"featured_media":0,"parent":0,"menu_order":0,"comment_status":"closed","ping_status":"closed","template":"","meta":{"footnotes":""},"class_list":["post-5","page","type-page","status-publish","hentry"],"_links":{"self":[{"href":"https:\/\/nowak.dk\/index.php?rest_route=\/wp\/v2\/pages\/5"}],"collection":[{"href":"https:\/\/nowak.dk\/index.php?rest_route=\/wp\/v2\/pages"}],"about":[{"href":"https:\/\/nowak.dk\/index.php?rest_route=\/wp\/v2\/types\/page"}],"author":[{"embeddable":true,"href":"https:\/\/nowak.dk\/index.php?rest_route=\/wp\/v2\/users\/1"}],"replies":[{"embeddable":true,"href":"https:\/\/nowak.dk\/index.php?rest_route=%2Fwp%2Fv2%2Fcomments&post=5"}],"version-history":[{"count":3,"href":"https:\/\/nowak.dk\/index.php?rest_route=\/wp\/v2\/pages\/5\/revisions"}],"predecessor-version":[{"id":20,"href":"https:\/\/nowak.dk\/index.php?rest_route=\/wp\/v2\/pages\/5\/revisions\/20"}],"wp:attachment":[{"href":"https:\/\/nowak.dk\/index.php?rest_route=%2Fwp%2Fv2%2Fmedia&parent=5"}],"curies":[{"name":"wp","href":"https:\/\/api.w.org\/{rel}","templated":true}]}}